{"id":2,"date":"2012-10-31T12:57:43","date_gmt":"2012-10-31T12:57:43","guid":{"rendered":"http:\/\/www.idra.it\/bennybunny\/?page_id=2"},"modified":"2012-12-03T15:27:53","modified_gmt":"2012-12-03T14:27:53","slug":"pagina-di-esempio","status":"publish","type":"page","link":"https:\/\/bennybunny.idra.it\/?page_id=2","title":{"rendered":"INFO"},"content":{"rendered":"<p>Cercare di descrivere il perch\u00e9 un blog di questo tipo, attraverso i comuni e condivisi sentimenti di rivalsa contro malcostume ed oppressione culturale e mediatica, sarebbe compito assai semplice, ma soprattutto largamente diffuso nella rete.<\/p>\n<p>Internet, come luogo virtuale, rappresenta una nuova piazza dove popolazioni appena sorte muovono i loro primi passi, un luogo non solo accessibile ma soprattutto libero.<\/p>\n<p>Per cercare di mantenere cos\u00ec inalterata la natura e la vocazione della rete e cercare magari di arricchire e far crescere questo nuovo mondo crediamo che sia fondamentale misurare la ricerca nel senso stretto del termine, cercare di ricollocare la comunicazione tra individui e\/o internauti attraverso il concetto di libera diffusione e libera espressione.<\/p>\n<p>A tale proposito ci viene incontro la ricerca effettuata da Alan Turing, giunta a compimento con l&#8217;invenzione della &#8220;Macchina di Turing&#8221;, ovvero:<\/p>\n<p>&#8220;una macchina ideale che manipola i dati contenuti su un nastro di lunghezza infinita, secondo un insieme prefissato di regole ben definite. In altre parole, \u00e8 un modello astratto che definisce una macchina in grado di eseguire algoritmi e dotata di un nastro infinito su cui pu\u00f2 leggere e\/o scrivere dei simboli.<br \/>\n\u00c8 un potente strumento teorico che viene largamente usato nella teoria della calcolabilit\u00e0 e nello studio della complessit\u00e0 degli algoritmi, in quanto \u00e8 di notevole aiuto agli studiosi nel comprendere i limiti del calcolo meccanico. La sua importanza \u00e8 tale che oggi, per definire in modo formalmente preciso la nozione di algoritmo, si tende a ricondurlo alle elaborazioni effettuabili con macchine di Turing.&#8221; <a href=\"http:\/\/it.wikipedia.org\/wiki\/Macchina_di_Turing\" title=\"Macchina di Turing\" target=\"_blank\">(fonte wikipedia)<\/a><\/p>\n<p>Ed \u00e8 questo lo scopo di cui parlavamo prima, utilizzare il principio ed il concetto della Macchina di Turing ad un sistema di comunicazione come quello offerto da una piattaforma di web-radio, si potrebbe cos\u00ec avere realmente un sistema di nastro infinito dove memorizzare gli algoritmi ed i calcoli rappresentati dalle singole storie, commenti, racconti, lezioni, ecc ecc impresse su di  e che sono in stretta relazione tra di loro, non solo perch\u00e9 condividono il supporto di permanenza ma anche perch\u00e9 parte di un unico cosmo virtuale.<\/p>\n<p>A questo proposito e sotto questo spirito di condivisione l&#8217;idea di fondo \u00e8 quella di offrire a chiunque entri a contatto con &#8220;Benny Bunny&#8221; un panorama di libera conoscenza e libera espressione, per questo abbiamo inteso l&#8217;idea di attivare un sistema popolare e sociale di conoscenza aprendo a lezioni GRATUITE di: Matematica, Fisica, Letteratura, Filosofia, Storia, ecc ecc.<br \/>\nMa anche programmi di intrattenimento, musicali, spettacoli, consigli, storie, e molto altro.<\/p>\n<p>Per questo motivo ti offriamo gratuitamente del tempo da dedicare alla comunit\u00e0 che ti circonda e  ti chiediamo di raccontare il tuo sapere, perch\u00e9 &#8220;La tua storia pu\u00f2 cambiare il mondo&#8221;.<\/p>\n<p>Benny Bunny<\/p>\n<p><a href=\u201dmailto:boxynot@gmail.com\u201d> CONTATTACI TRAMITE E-MAIL<\/a> per creare un tuo spazio<\/p>\n","protected":false},"excerpt":{"rendered":"<p>Cercare di descrivere il perch\u00e9 un blog di questo tipo, attraverso i comuni e condivisi sentimenti di rivalsa contro malcostume ed oppressione culturale e mediatica, sarebbe compito assai semplice, ma soprattutto largamente diffuso nella rete. Internet, come luogo virtuale, rappresenta una nuova piazza dove popolazioni appena sorte muovono i loro primi passi, un luogo non [&hellip;]<\/p>\n","protected":false},"author":1,"featured_media":0,"parent":0,"menu_order":0,"comment_status":"open","ping_status":"open","template":"","meta":{"footnotes":""},"class_list":["post-2","page","type-page","status-publish","hentry"],"jetpack_sharing_enabled":true,"_links":{"self":[{"href":"https:\/\/bennybunny.idra.it\/index.php?rest_route=\/wp\/v2\/pages\/2"}],"collection":[{"href":"https:\/\/bennybunny.idra.it\/index.php?rest_route=\/wp\/v2\/pages"}],"about":[{"href":"https:\/\/bennybunny.idra.it\/index.php?rest_route=\/wp\/v2\/types\/page"}],"author":[{"embeddable":true,"href":"https:\/\/bennybunny.idra.it\/index.php?rest_route=\/wp\/v2\/users\/1"}],"replies":[{"embeddable":true,"href":"https:\/\/bennybunny.idra.it\/index.php?rest_route=%2Fwp%2Fv2%2Fcomments&post=2"}],"version-history":[{"count":4,"href":"https:\/\/bennybunny.idra.it\/index.php?rest_route=\/wp\/v2\/pages\/2\/revisions"}],"predecessor-version":[{"id":30,"href":"https:\/\/bennybunny.idra.it\/index.php?rest_route=\/wp\/v2\/pages\/2\/revisions\/30"}],"wp:attachment":[{"href":"https:\/\/bennybunny.idra.it\/index.php?rest_route=%2Fwp%2Fv2%2Fmedia&parent=2"}],"curies":[{"name":"wp","href":"https:\/\/api.w.org\/{rel}","templated":true}]}}